{"id":8,"date":"2017-11-23T20:21:02","date_gmt":"2017-11-23T20:21:02","guid":{"rendered":"https:\/\/gpstartersites.com\/zeal\/?page_id=8"},"modified":"2021-06-18T17:11:27","modified_gmt":"2021-06-18T17:11:27","slug":"home","status":"publish","type":"page","link":"https:\/\/airsoftcorsair.com\/blog\/","title":{"rendered":"Home"},"content":{"rendered":"\t\t<div data-elementor-type=\"wp-post\" data-elementor-id=\"8\" class=\"elementor elementor-8\" data-elementor-settings=\"[]\">\n\t\t\t\t\t\t\t<div class=\"elementor-section-wrap\">\n\t\t\t\t\t\t\t<section class=\"elementor-section elementor-top-section elementor-element elementor-element-8a2d168 elementor-section-boxed elementor-section-height-default elementor-section-height-default\" data-id=\"8a2d168\" data-element_type=\"section\">\n\t\t\t\t\t\t<div class=\"elementor-container elementor-column-gap-default\">\n\t\t\t\t\t<div class=\"elementor-column elementor-col-100 elementor-top-column elementor-element elementor-element-8e8452b\" data-id=\"8e8452b\" data-element_type=\"column\">\n\t\t\t<div class=\"elementor-widget-wrap elementor-element-populated\">\n\t\t\t\t\t\t\t\t<div class=\"elementor-element elementor-element-bf1efa1 elementor-widget elementor-widget-text-editor\" data-id=\"bf1efa1\" data-element_type=\"widget\" data-widget_type=\"text-editor.default\">\n\t\t\t\t<div class=\"elementor-widget-container\">\n\t\t\t\t\t\t\t\t<p>Bienvenidos al Blog de Airsoft Corsair&#8230;.<\/p>\t\t\t\t\t\t<\/div>\n\t\t\t\t<\/div>\n\t\t\t\t\t<\/div>\n\t\t<\/div>\n\t\t\t\t\t\t\t<\/div>\n\t\t<\/section>\n\t\t\t\t<section class=\"elementor-section elementor-top-section elementor-element elementor-element-99efb16 elementor-section-boxed elementor-section-height-default elementor-section-height-default\" data-id=\"99efb16\" data-element_type=\"section\" id=\"introduction\" data-settings=\"{&quot;background_background&quot;:&quot;classic&quot;}\">\n\t\t\t\t\t\t<div class=\"elementor-container elementor-column-gap-default\">\n\t\t\t\t\t<div class=\"elementor-column elementor-col-100 elementor-top-column elementor-element elementor-element-71a61dd\" data-id=\"71a61dd\" data-element_type=\"column\">\n\t\t\t<div class=\"elementor-widget-wrap elementor-element-populated\">\n\t\t\t\t\t\t\t\t<div class=\"elementor-element elementor-element-b977efd elementor-widget elementor-widget-heading\" data-id=\"b977efd\" data-element_type=\"widget\" data-widget_type=\"heading.default\">\n\t\t\t\t<div class=\"elementor-widget-container\">\n\t\t\t<h2 class=\"elementor-heading-title elementor-size-default\">art\u00edculos<\/h2>\t\t<\/div>\n\t\t\t\t<\/div>\n\t\t\t\t<div class=\"elementor-element elementor-element-81cdc6e elementor-widget-divider--view-line elementor-widget elementor-widget-divider\" data-id=\"81cdc6e\" data-element_type=\"widget\" data-widget_type=\"divider.default\">\n\t\t\t\t<div class=\"elementor-widget-container\">\n\t\t\t\t\t<div class=\"elementor-divider\">\n\t\t\t<span class=\"elementor-divider-separator\">\n\t\t\t\t\t\t<\/span>\n\t\t<\/div>\n\t\t\t\t<\/div>\n\t\t\t\t<\/div>\n\t\t\t\t<div class=\"elementor-element elementor-element-b207122 elementor-widget elementor-widget-text-editor\" data-id=\"b207122\" data-element_type=\"widget\" data-widget_type=\"text-editor.default\">\n\t\t\t\t<div class=\"elementor-widget-container\">\n\t\t\t\t\t\t\t\t<style>.wp-show-posts-columns#wpsp-460 {margin-left: -2em; }.wp-show-posts-columns#wpsp-460 .wp-show-posts-inner {margin: 0 0 2em 2em; }<\/style><section id=\"wpsp-460\" class=\" wp-show-posts-columns wp-show-posts\" style=\"\"><article class=\" wp-show-posts-single post-545 post type-post status-publish format-video hentry category-historia-y-personajes-de-espana category-polemos-la-guerra tag-alcantara tag-annual tag-heroes post_format-post-format-video wpsp-col-4\" itemtype=\"http:\/\/schema.org\/CreativeWork\" itemscope><div class=\"wp-show-posts-inner\" style=\"\">\t\t\t\t\t\t<header class=\"wp-show-posts-entry-header\">\n\t\t\t\t\t\t\t<h2 class=\"wp-show-posts-entry-title\" itemprop=\"headline\"><a href=\"https:\/\/airsoftcorsair.com\/blog\/2021\/07\/25\/25-de-julio-santiago-y-cierra-espana\/\" rel=\"bookmark\">25 de Julio. Santiago y cierra Espa\u00f1a.<\/a><\/h2><div class=\"wp-show-posts-entry-meta wp-show-posts-entry-meta-below-title post-meta-inline\"><span class=\"wp-show-posts-posted-on wp-show-posts-meta\">\n\t\t\t\t\t<a href=\"https:\/\/airsoftcorsair.com\/blog\/2021\/07\/25\/25-de-julio-santiago-y-cierra-espana\/\" title=\"15:47\" rel=\"bookmark\"><time class=\"wp-show-posts-entry-date published\" datetime=\"2021-07-25T15:47:43+00:00\" itemprop=\"datePublished\">25 de julio de 2021<\/time><\/a>\n\t\t\t\t<\/span><\/div>\t\t\t\t\t\t<\/header><!-- .entry-header -->\n\t\t\t\t\t\t\t\t\t\t\t<div class=\"wp-show-posts-entry-summary\" itemprop=\"text\">\n\t\t\t\t\t\t\t\t\t\t\t\t\t<\/div><!-- .entry-summary -->\n\t\t\t\t\t<div class=\"wpsp-read-more\"><a title=\"25 de Julio. Santiago y cierra Espa\u00f1a.\" class=\"wp-show-posts-read-more\" href=\"https:\/\/airsoftcorsair.com\/blog\/2021\/07\/25\/25-de-julio-santiago-y-cierra-espana\/\">Leer m\u00e1s<\/a><\/div><\/div><!-- wp-show-posts-inner --><\/article><article class=\" wp-show-posts-single post-542 post type-post status-publish format-image hentry category-libros category-polemos-la-guerra tag-guerra tag-historia tag-keegan post_format-post-format-image wpsp-col-4\" itemtype=\"http:\/\/schema.org\/CreativeWork\" itemscope><div class=\"wp-show-posts-inner\" style=\"\">\t\t\t\t\t\t<header class=\"wp-show-posts-entry-header\">\n\t\t\t\t\t\t\t<h2 class=\"wp-show-posts-entry-title\" itemprop=\"headline\"><a href=\"https:\/\/airsoftcorsair.com\/blog\/2021\/07\/17\/de-libros-historia-de-la-guerra-de-sir-john-keegan\/\" rel=\"bookmark\">De libros: Historia de la Guerra de Sir John Keegan<\/a><\/h2><div class=\"wp-show-posts-entry-meta wp-show-posts-entry-meta-below-title post-meta-inline\"><span class=\"wp-show-posts-posted-on wp-show-posts-meta\">\n\t\t\t\t\t<a href=\"https:\/\/airsoftcorsair.com\/blog\/2021\/07\/17\/de-libros-historia-de-la-guerra-de-sir-john-keegan\/\" title=\"11:02\" rel=\"bookmark\"><time class=\"wp-show-posts-entry-date published\" datetime=\"2021-07-17T11:02:01+00:00\" itemprop=\"datePublished\">17 de julio de 2021<\/time><\/a>\n\t\t\t\t<\/span><\/div>\t\t\t\t\t\t<\/header><!-- .entry-header -->\n\t\t\t\t\t\t\t\t\t\t\t<div class=\"wp-show-posts-entry-summary\" itemprop=\"text\">\n\t\t\t\t\t\t\t<p>Nacido en 1934 y muerto en 2012, este brit\u00e1nico fue uno de los m\u00e1s importantes historiadores militares de la \u00e9poca contempor\u00e1nea. De forma ir\u00f3nica, refleja en sus obras que no&#8230;<\/p>\n\t\t\t\t\t\t<\/div><!-- .entry-summary -->\n\t\t\t\t\t<div class=\"wpsp-read-more\"><a title=\"De libros: Historia de la Guerra de Sir John Keegan\" class=\"wp-show-posts-read-more\" href=\"https:\/\/airsoftcorsair.com\/blog\/2021\/07\/17\/de-libros-historia-de-la-guerra-de-sir-john-keegan\/\">Leer m\u00e1s<\/a><\/div><\/div><!-- wp-show-posts-inner --><\/article><article class=\" wp-show-posts-single post-538 post type-post status-publish format-standard hentry category-blog wpsp-col-4\" itemtype=\"http:\/\/schema.org\/CreativeWork\" itemscope><div class=\"wp-show-posts-inner\" style=\"\">\t\t\t\t\t\t<header class=\"wp-show-posts-entry-header\">\n\t\t\t\t\t\t\t<h2 class=\"wp-show-posts-entry-title\" itemprop=\"headline\"><a href=\"https:\/\/airsoftcorsair.com\/blog\/2021\/07\/15\/16-de-julio-virgen-del-carmen-patrona-de-la-armada-espanola\/\" rel=\"bookmark\">16 de Julio. Virgen del Carmen, Patrona de la Armada Espa\u00f1ola<\/a><\/h2><div class=\"wp-show-posts-entry-meta wp-show-posts-entry-meta-below-title post-meta-inline\"><span class=\"wp-show-posts-posted-on wp-show-posts-meta\">\n\t\t\t\t\t<a href=\"https:\/\/airsoftcorsair.com\/blog\/2021\/07\/15\/16-de-julio-virgen-del-carmen-patrona-de-la-armada-espanola\/\" title=\"17:59\" rel=\"bookmark\"><time class=\"wp-show-posts-entry-date published\" datetime=\"2021-07-15T17:59:02+00:00\" itemprop=\"datePublished\">15 de julio de 2021<\/time><\/a>\n\t\t\t\t<\/span><\/div>\t\t\t\t\t\t<\/header><!-- .entry-header -->\n\t\t\t\t\t\t\t\t\t\t\t<div class=\"wp-show-posts-entry-summary\" itemprop=\"text\">\n\t\t\t\t\t\t\t<p>Por Real Orden de la Reina Regente D\u00aa Mar\u00eda Cristina de Habsburgo, el 19 de Abril de 1901 se hace oficial la proclamaci\u00f3n de la Virgen del Carmen o del&#8230;<\/p>\n\t\t\t\t\t\t<\/div><!-- .entry-summary -->\n\t\t\t\t\t<div class=\"wpsp-read-more\"><a title=\"16 de Julio. Virgen del Carmen, Patrona de la Armada Espa\u00f1ola\" class=\"wp-show-posts-read-more\" href=\"https:\/\/airsoftcorsair.com\/blog\/2021\/07\/15\/16-de-julio-virgen-del-carmen-patrona-de-la-armada-espanola\/\">Leer m\u00e1s<\/a><\/div><\/div><!-- wp-show-posts-inner --><\/article><article class=\" wp-show-posts-single post-531 post type-post status-publish format-standard hentry category-armas-y-tecnicas-tacticas-y-estrategias category-geomundo category-polemos-la-guerra category-siglo-xxi-o-no-sera tag-conflicto-hibrido tag-soledad-estrategica tag-zona-gris wpsp-col-4\" itemtype=\"http:\/\/schema.org\/CreativeWork\" itemscope><div class=\"wp-show-posts-inner\" style=\"\">\t\t\t\t\t\t<header class=\"wp-show-posts-entry-header\">\n\t\t\t\t\t\t\t<h2 class=\"wp-show-posts-entry-title\" itemprop=\"headline\"><a href=\"https:\/\/airsoftcorsair.com\/blog\/2021\/07\/08\/conflicto-hibrido-zona-gris-espana-en-una-encrucijada-estrategica-i\/\" rel=\"bookmark\">Conflicto h\u00edbrido, zona gris. Espa\u00f1a en una encrucijada estrat\u00e9gica (I)<\/a><\/h2><div class=\"wp-show-posts-entry-meta wp-show-posts-entry-meta-below-title post-meta-inline\"><span class=\"wp-show-posts-posted-on wp-show-posts-meta\">\n\t\t\t\t\t<a href=\"https:\/\/airsoftcorsair.com\/blog\/2021\/07\/08\/conflicto-hibrido-zona-gris-espana-en-una-encrucijada-estrategica-i\/\" title=\"17:57\" rel=\"bookmark\"><time class=\"wp-show-posts-entry-date published\" datetime=\"2021-07-08T17:57:04+00:00\" itemprop=\"datePublished\">8 de julio de 2021<\/time><\/a>\n\t\t\t\t<\/span><\/div>\t\t\t\t\t\t<\/header><!-- .entry-header -->\n\t\t\t\t\t\t\t\t\t\t\t<div class=\"wp-show-posts-entry-summary\" itemprop=\"text\">\n\t\t\t\t\t\t\t<p>El concepto de guerra h\u00edbrida es un desarrollo del pensamiento militar que se produce a 1o a\u00f1os de la Ca\u00edda del Muro de Berl\u00edn. En 1999, dos coroneles de la&#8230;<\/p>\n\t\t\t\t\t\t<\/div><!-- .entry-summary -->\n\t\t\t\t\t<div class=\"wpsp-read-more\"><a title=\"Conflicto h\u00edbrido, zona gris. Espa\u00f1a en una encrucijada estrat\u00e9gica (I)\" class=\"wp-show-posts-read-more\" href=\"https:\/\/airsoftcorsair.com\/blog\/2021\/07\/08\/conflicto-hibrido-zona-gris-espana-en-una-encrucijada-estrategica-i\/\">Leer m\u00e1s<\/a><\/div><\/div><!-- wp-show-posts-inner --><\/article><article class=\" wp-show-posts-single post-1 post type-post status-publish format-standard has-post-thumbnail hentry category-geomundo tag-china tag-geoestrategia tag-poder-naval wpsp-col-4\" itemtype=\"http:\/\/schema.org\/CreativeWork\" itemscope><div class=\"wp-show-posts-inner\" style=\"\">\t\t\t\t\t\t<header class=\"wp-show-posts-entry-header\">\n\t\t\t\t\t\t\t<h2 class=\"wp-show-posts-entry-title\" itemprop=\"headline\"><a href=\"https:\/\/airsoftcorsair.com\/blog\/2021\/06\/27\/collar-de-perlas-chino\/\" rel=\"bookmark\">El Collar de Perlas Chino: Una l\u00ednea estrat\u00e9gica de ruptura<\/a><\/h2><div class=\"wp-show-posts-entry-meta wp-show-posts-entry-meta-below-title post-meta-inline\"><span class=\"wp-show-posts-posted-on wp-show-posts-meta\">\n\t\t\t\t\t<a href=\"https:\/\/airsoftcorsair.com\/blog\/2021\/06\/27\/collar-de-perlas-chino\/\" title=\"12:28\" rel=\"bookmark\"><time class=\"wp-show-posts-entry-date published\" datetime=\"2021-06-27T12:28:30+00:00\" itemprop=\"datePublished\">27 de junio de 2021<\/time><time class=\"wp-show-posts-updated\" datetime=\"2021-06-26T17:11:28+00:00\" itemprop=\"dateModified\">26 de junio de 2021<\/time><\/a>\n\t\t\t\t<\/span><\/div>\t\t\t\t\t\t<\/header><!-- .entry-header -->\n\t\t\t\t\t\t\t<div class=\"wp-show-posts-image  wpsp-image-center \">\n\t\t\t<a href=\"https:\/\/airsoftcorsair.com\/blog\/2021\/06\/27\/collar-de-perlas-chino\/\"  title=\"El Collar de Perlas Chino: Una l\u00ednea estrat\u00e9gica de ruptura\"><img loading=\"lazy\" decoding=\"async\" width=\"644\" height=\"362\" src=\"https:\/\/airsoftcorsair.com\/blog\/wp-content\/uploads\/2021\/06\/liaoning-644x362-1.jpg\" class=\"attachment-full size-full wp-post-image\" alt=\"\" itemprop=\"image\" srcset=\"https:\/\/airsoftcorsair.com\/blog\/wp-content\/uploads\/2021\/06\/liaoning-644x362-1.jpg 644w, https:\/\/airsoftcorsair.com\/blog\/wp-content\/uploads\/2021\/06\/liaoning-644x362-1-300x169.jpg 300w\" sizes=\"auto, (max-width: 644px) 100vw, 644px\" \/><\/a>\t\t<\/div>\n\t\t\t\t\t\t\t\t<div class=\"wp-show-posts-entry-summary\" itemprop=\"text\">\n\t\t\t\t\t\t\t<p>Detr\u00e1s de tan aparente po\u00e9tico t\u00e9rmino, subyace una de las ambiciones chinas del siglo XXI y uno de los avisos sobre el creciente poder geopol\u00edtico y militar chino. Muy posiblemente&#8230;<\/p>\n\t\t\t\t\t\t<\/div><!-- .entry-summary -->\n\t\t\t\t\t<div class=\"wpsp-read-more\"><a title=\"El Collar de Perlas Chino: Una l\u00ednea estrat\u00e9gica de ruptura\" class=\"wp-show-posts-read-more\" href=\"https:\/\/airsoftcorsair.com\/blog\/2021\/06\/27\/collar-de-perlas-chino\/\">Leer m\u00e1s<\/a><\/div><\/div><!-- wp-show-posts-inner --><\/article><article class=\" wp-show-posts-single post-468 post type-post status-publish format-standard has-post-thumbnail hentry category-geomundo tag-cisne-negro tag-covid tag-crisis tag-xxi wpsp-col-4\" itemtype=\"http:\/\/schema.org\/CreativeWork\" itemscope><div class=\"wp-show-posts-inner\" style=\"\">\t\t\t\t\t\t<header class=\"wp-show-posts-entry-header\">\n\t\t\t\t\t\t\t<h2 class=\"wp-show-posts-entry-title\" itemprop=\"headline\"><a href=\"https:\/\/airsoftcorsair.com\/blog\/2021\/06\/26\/cisne-negro\/\" rel=\"bookmark\">La po\u00e9tica Teor\u00eda del Cisne Negro<\/a><\/h2><div class=\"wp-show-posts-entry-meta wp-show-posts-entry-meta-below-title post-meta-inline\"><span class=\"wp-show-posts-posted-on wp-show-posts-meta\">\n\t\t\t\t\t<a href=\"https:\/\/airsoftcorsair.com\/blog\/2021\/06\/26\/cisne-negro\/\" title=\"08:25\" rel=\"bookmark\"><time class=\"wp-show-posts-entry-date published\" datetime=\"2021-06-26T08:25:47+00:00\" itemprop=\"datePublished\">26 de junio de 2021<\/time><time class=\"wp-show-posts-updated\" datetime=\"2021-06-25T18:05:31+00:00\" itemprop=\"dateModified\">25 de junio de 2021<\/time><\/a>\n\t\t\t\t<\/span><\/div>\t\t\t\t\t\t<\/header><!-- .entry-header -->\n\t\t\t\t\t\t\t<div class=\"wp-show-posts-image  wpsp-image-center \">\n\t\t\t<a href=\"https:\/\/airsoftcorsair.com\/blog\/2021\/06\/26\/cisne-negro\/\"  title=\"La po\u00e9tica Teor\u00eda del Cisne Negro\"><img loading=\"lazy\" decoding=\"async\" width=\"900\" height=\"900\" src=\"https:\/\/airsoftcorsair.com\/blog\/wp-content\/uploads\/2021\/06\/2018-06-07-19-31-13-900x900-1.jpg\" class=\"attachment-full size-full wp-post-image\" alt=\"\" itemprop=\"image\" srcset=\"https:\/\/airsoftcorsair.com\/blog\/wp-content\/uploads\/2021\/06\/2018-06-07-19-31-13-900x900-1.jpg 900w, https:\/\/airsoftcorsair.com\/blog\/wp-content\/uploads\/2021\/06\/2018-06-07-19-31-13-900x900-1-300x300.jpg 300w, https:\/\/airsoftcorsair.com\/blog\/wp-content\/uploads\/2021\/06\/2018-06-07-19-31-13-900x900-1-150x150.jpg 150w, https:\/\/airsoftcorsair.com\/blog\/wp-content\/uploads\/2021\/06\/2018-06-07-19-31-13-900x900-1-768x768.jpg 768w\" sizes=\"auto, (max-width: 900px) 100vw, 900px\" \/><\/a>\t\t<\/div>\n\t\t\t\t\t\t\t\t<div class=\"wp-show-posts-entry-summary\" itemprop=\"text\">\n\t\t\t\t\t\t\t<p>Este concepto lo desarroll\u00f3 la d\u00e9cada pasada el economista y matem\u00e1tico liban\u00e9s Nassim Taleb en su libro titulado, c\u00f3mo no, \u00abEl Cisne Negro: el impacto de lo altamente improbable\u00bb (2007)&#8230;.<\/p>\n\t\t\t\t\t\t<\/div><!-- .entry-summary -->\n\t\t\t\t\t<div class=\"wpsp-read-more\"><a title=\"La po\u00e9tica Teor\u00eda del Cisne Negro\" class=\"wp-show-posts-read-more\" href=\"https:\/\/airsoftcorsair.com\/blog\/2021\/06\/26\/cisne-negro\/\">Leer m\u00e1s<\/a><\/div><\/div><!-- wp-show-posts-inner --><\/article><article class=\" wp-show-posts-single post-469 post type-post status-publish format-standard has-post-thumbnail hentry category-blog wpsp-col-4\" itemtype=\"http:\/\/schema.org\/CreativeWork\" itemscope><div class=\"wp-show-posts-inner\" style=\"\">\t\t\t\t\t\t<header class=\"wp-show-posts-entry-header\">\n\t\t\t\t\t\t\t<h2 class=\"wp-show-posts-entry-title\" itemprop=\"headline\"><a href=\"https:\/\/airsoftcorsair.com\/blog\/2021\/06\/25\/bienvenida-y-razones\/\" rel=\"bookmark\">Bienvenida y varias razones<\/a><\/h2><div class=\"wp-show-posts-entry-meta wp-show-posts-entry-meta-below-title post-meta-inline\"><span class=\"wp-show-posts-posted-on wp-show-posts-meta\">\n\t\t\t\t\t<a href=\"https:\/\/airsoftcorsair.com\/blog\/2021\/06\/25\/bienvenida-y-razones\/\" title=\"18:25\" rel=\"bookmark\"><time class=\"wp-show-posts-entry-date published\" datetime=\"2021-06-25T18:25:59+00:00\" itemprop=\"datePublished\">25 de junio de 2021<\/time><time class=\"wp-show-posts-updated\" datetime=\"2021-06-25T18:00:45+00:00\" itemprop=\"dateModified\">25 de junio de 2021<\/time><\/a>\n\t\t\t\t<\/span><\/div>\t\t\t\t\t\t<\/header><!-- .entry-header -->\n\t\t\t\t\t\t\t<div class=\"wp-show-posts-image  wpsp-image-center \">\n\t\t\t<a href=\"https:\/\/airsoftcorsair.com\/blog\/2021\/06\/25\/bienvenida-y-razones\/\"  title=\"Bienvenida y varias razones\"><img loading=\"lazy\" decoding=\"async\" width=\"1920\" height=\"1155\" src=\"https:\/\/airsoftcorsair.com\/blog\/wp-content\/uploads\/2018\/08\/soldiers-1002_1920.jpg\" class=\"attachment-full size-full wp-post-image\" alt=\"\" itemprop=\"image\" srcset=\"https:\/\/airsoftcorsair.com\/blog\/wp-content\/uploads\/2018\/08\/soldiers-1002_1920.jpg 1920w, https:\/\/airsoftcorsair.com\/blog\/wp-content\/uploads\/2018\/08\/soldiers-1002_1920-300x180.jpg 300w, https:\/\/airsoftcorsair.com\/blog\/wp-content\/uploads\/2018\/08\/soldiers-1002_1920-1024x616.jpg 1024w, https:\/\/airsoftcorsair.com\/blog\/wp-content\/uploads\/2018\/08\/soldiers-1002_1920-768x462.jpg 768w, https:\/\/airsoftcorsair.com\/blog\/wp-content\/uploads\/2018\/08\/soldiers-1002_1920-1536x924.jpg 1536w\" sizes=\"auto, (max-width: 1920px) 100vw, 1920px\" \/><\/a>\t\t<\/div>\n\t\t\t\t\t\t\t\t<div class=\"wp-show-posts-entry-summary\" itemprop=\"text\">\n\t\t\t\t\t\t\t<p>Bienvenidos todos los lectores. Esta primera entrada busca explicar las razones por las que un tipo que lleva una tienda de airsoft se dedica a martillear el teclado para tratar&#8230;<\/p>\n\t\t\t\t\t\t<\/div><!-- .entry-summary -->\n\t\t\t\t\t<div class=\"wpsp-read-more\"><a title=\"Bienvenida y varias razones\" class=\"wp-show-posts-read-more\" href=\"https:\/\/airsoftcorsair.com\/blog\/2021\/06\/25\/bienvenida-y-razones\/\">Leer m\u00e1s<\/a><\/div><\/div><!-- wp-show-posts-inner --><\/article><div class=\"wpsp-clear\"><\/div><\/section><!-- .wp-show-posts -->\t\t\t\t\t\t<\/div>\n\t\t\t\t<\/div>\n\t\t\t\t\t<\/div>\n\t\t<\/div>\n\t\t\t\t\t\t\t<\/div>\n\t\t<\/section>\n\t\t\t\t\t\t<\/div>\n\t\t\t\t\t<\/div>\n\t\t","protected":false},"excerpt":{"rendered":"<p>Bienvenidos al Blog de Airsoft Corsair&#8230;. art\u00edculos<\/p>\n","protected":false},"author":0,"featured_media":0,"parent":0,"menu_order":0,"comment_status":"closed","ping_status":"closed","template":"","meta":{"footnotes":""},"class_list":["post-8","page","type-page","status-publish","hentry","no-featured-image-padding"],"_links":{"self":[{"href":"https:\/\/airsoftcorsair.com\/blog\/wp-json\/wp\/v2\/pages\/8","targetHints":{"allow":["GET"]}}],"collection":[{"href":"https:\/\/airsoftcorsair.com\/blog\/wp-json\/wp\/v2\/pages"}],"about":[{"href":"https:\/\/airsoftcorsair.com\/blog\/wp-json\/wp\/v2\/types\/page"}],"replies":[{"embeddable":true,"href":"https:\/\/airsoftcorsair.com\/blog\/wp-json\/wp\/v2\/comments?post=8"}],"version-history":[{"count":12,"href":"https:\/\/airsoftcorsair.com\/blog\/wp-json\/wp\/v2\/pages\/8\/revisions"}],"predecessor-version":[{"id":509,"href":"https:\/\/airsoftcorsair.com\/blog\/wp-json\/wp\/v2\/pages\/8\/revisions\/509"}],"wp:attachment":[{"href":"https:\/\/airsoftcorsair.com\/blog\/wp-json\/wp\/v2\/media?parent=8"}],"curies":[{"name":"wp","href":"https:\/\/api.w.org\/{rel}","templated":true}]}}